{"id":2202,"date":"2018-07-01T10:08:15","date_gmt":"2018-07-01T09:08:15","guid":{"rendered":"https:\/\/www.phoenixfoundation.de\/?page_id=2202"},"modified":"2019-01-20T18:03:59","modified_gmt":"2019-01-20T17:03:59","slug":"datenschutzhinweis","status":"publish","type":"page","link":"https:\/\/www.phoenixfoundation.de\/?page_id=2202","title":{"rendered":"Datenschutzhinweis DSGVO"},"content":{"rendered":"<p>Datenschutzhinweis nach DSGVO:<\/p>\n<p>Die im Bewerbungsformular erhobenen Daten sind zur reibungslosen Durchf\u00fchrung der Projekte der Phoenix Foundation erforderlich. Mit dem Absenden des Formulars stimmt der Absender den Nutzungsbedingungen ausdr\u00fccklich zu. Die wichtigsten Infos zur Nutzung der erfassten Daten sind nachfolgend aufgelistet. Nicht vollj\u00e4hrige Bewerber zeigen die Anmeldung bitte einem Erziehungsberechtigten. Die Daten werden auf Rechner und in einer Daten-Cloud gespeichert und bearbeitet. Die Daten werden im Rahmen der Projekte der Phoenix Foundation genutzt f\u00fcr:<\/p>\n<ul>\n<li>Versenden von Anmeldungen f\u00fcr Phoenix-Projekte (Arbeitsphasen, Konzertreisen etc.)<\/li>\n<li>Versenden von Besetzungslisten, Fahrkostenabrechnungen<\/li>\n<li>Weitergabe personenbezogener Daten ggf. in der Kommunikation mit Dozenten<\/li>\n<li>Fotos auf der Phoenix-Website und den social Media<\/li>\n<li>Ver\u00f6ffentlichung von Besetzungslisten (Name und Instrument) auf der Homepage (Chronik)<\/li>\n<li>Organisation der Arbeitsphasen und Konzertreisen (Weitergabe der Namen, Alter, Geschlecht an die Akademien\/Hotels, Reiseb\u00fcros, Versicherungen etc.)<\/li>\n<li>Speicherung der Daten nach deinem Ausscheiden f\u00fcr evtl. Aushilfsanfragen<\/li>\n<li>Weitergabe an Veranstalter f\u00fcr Presseinfos etc.<\/li>\n<li>Weitergabe von Namen, Wohnort und Instrument an die Presse f\u00fcr Berichterstattungen<\/li>\n<li>statistische Zwecke<\/li>\n<li>und \u00e4hnliche f\u00fcr die Bandarbeit n\u00f6tige Vorg\u00e4nge<\/li>\n<\/ul>\n<p>\u00dcber diese Nutzungs-Hinweise hinaus gelten die jeweils im Impressum der Phoenix-Homepage auf <a href=\"https:\/\/www.google.com\/url?q=http:\/\/www.phoenixfoundation.de&amp;sa=D&amp;ust=1530439137366000&amp;usg=AFQjCNE-QdGWLGXlOWv3gF1b7gfApcrZ3g\">www.phoenixfoundation.de<\/a> und auf der Homepage des Landesmusikrates RLP, der Tr\u00e4gerorganisation der PF <a href=\"https:\/\/www.google.com\/url?q=http:\/\/www.lmr-rp.de&amp;sa=D&amp;ust=1530439137366000&amp;usg=AFQjCNFalw906xS9SUP83gZokwWeVW_j9g\">www.lmr-rp.de<\/a> ver\u00f6ffentlichten Datenschutzhinweise.<\/p>\n<p>Nach der Anmeldung besteht das Recht, der Nutzung der Daten jederzeit \u00fcber die Mailadresse der Phoenix Foundation zu widersprechen, die Teilnahme bei der Phoenix Foundation ist dann nicht weiter m\u00f6glich.<\/p>\n","protected":false},"excerpt":{"rendered":"<p>Datenschutzhinweis nach DSGVO: Die im Bewerbungsformular erhobenen Daten sind zur reibungslosen Durchf\u00fchrung der Projekte der Phoenix Foundation erforderlich. Mit dem Absenden des Formulars stimmt der Absender den Nutzungsbedingungen ausdr\u00fccklich zu. Die wichtigsten Infos zur Nutzung der erfassten Daten sind nachfolgend aufgelistet. Nicht vollj\u00e4hrige Bewerber zeigen die Anmeldung bitte einem Erziehungsberechtigten. Die Daten werden auf Rechner [&hellip;]<\/p>\n","protected":false},"author":2,"featured_media":0,"parent":4,"menu_order":0,"comment_status":"closed","ping_status":"closed","template":"","meta":{"ocean_post_layout":"","ocean_both_sidebars_style":"","ocean_both_sidebars_content_width":0,"ocean_both_sidebars_sidebars_width":0,"ocean_sidebar":"","ocean_second_sidebar":"","ocean_disable_margins":"enable","ocean_add_body_class":"","ocean_shortcode_before_top_bar":"","ocean_shortcode_after_top_bar":"","ocean_shortcode_before_header":"","ocean_shortcode_after_header":"","ocean_has_shortcode":"","ocean_shortcode_after_title":"","ocean_shortcode_before_footer_widgets":"","ocean_shortcode_after_footer_widgets":"","ocean_shortcode_before_footer_bottom":"","ocean_shortcode_after_footer_bottom":"","ocean_display_top_bar":"default","ocean_display_header":"default","ocean_header_style":"","ocean_center_header_left_menu":"","ocean_custom_header_template":"","ocean_custom_logo":0,"ocean_custom_retina_logo":0,"ocean_custom_logo_max_width":0,"ocean_custom_logo_tablet_max_width":0,"ocean_custom_logo_mobile_max_width":0,"ocean_custom_logo_max_height":0,"ocean_custom_logo_tablet_max_height":0,"ocean_custom_logo_mobile_max_height":0,"ocean_header_custom_menu":"","ocean_menu_typo_font_family":"","ocean_menu_typo_font_subset":"","ocean_menu_typo_font_size":0,"ocean_menu_typo_font_size_tablet":0,"ocean_menu_typo_font_size_mobile":0,"ocean_menu_typo_font_size_unit":"px","ocean_menu_typo_font_weight":"","ocean_menu_typo_font_weight_tablet":"","ocean_menu_typo_font_weight_mobile":"","ocean_menu_typo_transform":"","ocean_menu_typo_transform_tablet":"","ocean_menu_typo_transform_mobile":"","ocean_menu_typo_line_height":0,"ocean_menu_typo_line_height_tablet":0,"ocean_menu_typo_line_height_mobile":0,"ocean_menu_typo_line_height_unit":"","ocean_menu_typo_spacing":0,"ocean_menu_typo_spacing_tablet":0,"ocean_menu_typo_spacing_mobile":0,"ocean_menu_typo_spacing_unit":"","ocean_menu_link_color":"","ocean_menu_link_color_hover":"","ocean_menu_link_color_active":"","ocean_menu_link_background":"","ocean_menu_link_hover_background":"","ocean_menu_link_active_background":"","ocean_menu_social_links_bg":"","ocean_menu_social_hover_links_bg":"","ocean_menu_social_links_color":"","ocean_menu_social_hover_links_color":"","ocean_disable_title":"default","ocean_disable_heading":"default","ocean_post_title":"","ocean_post_subheading":"","ocean_post_title_style":"","ocean_post_title_background_color":"","ocean_post_title_background":0,"ocean_post_title_bg_image_position":"","ocean_post_title_bg_image_attachment":"","ocean_post_title_bg_image_repeat":"","ocean_post_title_bg_image_size":"","ocean_post_title_height":0,"ocean_post_title_bg_overlay":0.5,"ocean_post_title_bg_overlay_color":"","ocean_disable_breadcrumbs":"default","ocean_breadcrumbs_color":"","ocean_breadcrumbs_separator_color":"","ocean_breadcrumbs_links_color":"","ocean_breadcrumbs_links_hover_color":"","ocean_display_footer_widgets":"default","ocean_display_footer_bottom":"default","ocean_custom_footer_template":"","footnotes":""},"class_list":["post-2202","page","type-page","status-publish","hentry","entry"],"_links":{"self":[{"href":"https:\/\/www.phoenixfoundation.de\/index.php?rest_route=\/wp\/v2\/pages\/2202","targetHints":{"allow":["GET"]}}],"collection":[{"href":"https:\/\/www.phoenixfoundation.de\/index.php?rest_route=\/wp\/v2\/pages"}],"about":[{"href":"https:\/\/www.phoenixfoundation.de\/index.php?rest_route=\/wp\/v2\/types\/page"}],"author":[{"embeddable":true,"href":"https:\/\/www.phoenixfoundation.de\/index.php?rest_route=\/wp\/v2\/users\/2"}],"replies":[{"embeddable":true,"href":"https:\/\/www.phoenixfoundation.de\/index.php?rest_route=%2Fwp%2Fv2%2Fcomments&post=2202"}],"version-history":[{"count":13,"href":"https:\/\/www.phoenixfoundation.de\/index.php?rest_route=\/wp\/v2\/pages\/2202\/revisions"}],"predecessor-version":[{"id":2719,"href":"https:\/\/www.phoenixfoundation.de\/index.php?rest_route=\/wp\/v2\/pages\/2202\/revisions\/2719"}],"up":[{"embeddable":true,"href":"https:\/\/www.phoenixfoundation.de\/index.php?rest_route=\/wp\/v2\/pages\/4"}],"wp:attachment":[{"href":"https:\/\/www.phoenixfoundation.de\/index.php?rest_route=%2Fwp%2Fv2%2Fmedia&parent=2202"}],"curies":[{"name":"wp","href":"https:\/\/api.w.org\/{rel}","templated":true}]}}