{"id":4,"date":"2005-03-02T21:47:37","date_gmt":"2005-03-02T20:47:37","guid":{"rendered":"http:\/\/www.phoenixfoundation.de\/?page_id=4"},"modified":"2022-08-15T13:53:41","modified_gmt":"2022-08-15T12:53:41","slug":"kontakt","status":"publish","type":"page","link":"https:\/\/www.phoenixfoundation.de\/?page_id=4","title":{"rendered":"Impressum"},"content":{"rendered":"<div class=\"elementor elementor-2084\" data-elementor-type=\"wp-page\" data-elementor-id=\"2084\">\n<div class=\"elementor-inner\">\n<div class=\"elementor-section-wrap\">\n<section class=\"elementor-section elementor-top-section elementor-element elementor-element-6a1ef09 elementor-section-boxed elementor-section-height-default elementor-section-height-default\" data-id=\"6a1ef09\" data-element_type=\"section\">\n<div class=\"elementor-container elementor-column-gap-default\">\n<div class=\"elementor-row\">\n<div class=\"elementor-column elementor-col-100 elementor-top-column elementor-element elementor-element-e146bc0\" data-id=\"e146bc0\" data-element_type=\"column\">\n<div class=\"elementor-column-wrap elementor-element-populated\">\n<div class=\"elementor-widget-wrap\">\n<div class=\"elementor-element elementor-element-2fb96f8 elementor-widget elementor-widget-heading\" data-id=\"2fb96f8\" data-element_type=\"widget\" data-widget_type=\"heading.default\">\n<div class=\"elementor-widget-container\">\n<h2 class=\"elementor-heading-title elementor-size-default\">Cookies<\/h2>\n<\/div>\n<\/div>\n<\/div>\n<\/div>\n<\/div>\n<\/div>\n<\/div>\n<\/section>\n<section class=\"elementor-section elementor-top-section elementor-element elementor-element-dde2c17 elementor-section-boxed elementor-section-height-default elementor-section-height-default\" data-id=\"dde2c17\" data-element_type=\"section\">\n<div class=\"elementor-container elementor-column-gap-default\">\n<div class=\"elementor-row\">\n<div class=\"elementor-column elementor-col-100 elementor-top-column elementor-element elementor-element-816a908\" data-id=\"816a908\" data-element_type=\"column\">\n<div class=\"elementor-column-wrap elementor-element-populated\">\n<div class=\"elementor-widget-wrap\">\n<div class=\"elementor-element elementor-element-e84dd3a elementor-widget elementor-widget-shortcode\" data-id=\"e84dd3a\" data-element_type=\"widget\" data-widget_type=\"shortcode.default\">\n<div class=\"elementor-widget-container\">\n<div class=\"elementor-shortcode\"><a id=\"rcb-sc-link-history\" class=\"rcb-sc-link rcb-sc-link-history\" href=\"https:\/\/www.phoenixfoundation.de\/?page_id=2084#consent-history\" data-success-message=\"\">Historie der Privatsph\u00e4re-Einstellungen<\/a><\/div>\n<\/div>\n<\/div>\n<\/div>\n<\/div>\n<\/div>\n<\/div>\n<\/div>\n<\/section>\n<section class=\"elementor-section elementor-top-section elementor-element elementor-element-a618c89 elementor-section-boxed elementor-section-height-default elementor-section-height-default\" data-id=\"a618c89\" data-element_type=\"section\">\n<div class=\"elementor-container elementor-column-gap-default\">\n<div class=\"elementor-row\">\n<div class=\"elementor-column elementor-col-100 elementor-top-column elementor-element elementor-element-a4026e7\" data-id=\"a4026e7\" data-element_type=\"column\">\n<div class=\"elementor-column-wrap elementor-element-populated\">\n<div class=\"elementor-widget-wrap\">\n<div class=\"elementor-element elementor-element-6d71c87 elementor-widget elementor-widget-shortcode\" data-id=\"6d71c87\" data-element_type=\"widget\" data-widget_type=\"shortcode.default\">\n<div class=\"elementor-widget-container\">\n<div class=\"elementor-shortcode\"><a id=\"rcb-sc-link-revoke\" class=\"rcb-sc-link rcb-sc-link-revoke\" href=\"https:\/\/www.phoenixfoundation.de\/?page_id=2084#consent-revoke\" data-success-message=\"Du hast die Einwilligung erfolgreich widerrufen. Die Seite wird nun neu geladen.\">Einwilligungen widerrufen<\/a><\/div>\n<\/div>\n<\/div>\n<\/div>\n<\/div>\n<\/div>\n<\/div>\n<\/div>\n<\/section>\n<section class=\"elementor-section elementor-top-section elementor-element elementor-element-00a5f6a elementor-section-boxed elementor-section-height-default elementor-section-height-default\" data-id=\"00a5f6a\" data-element_type=\"section\">\n<div class=\"elementor-container elementor-column-gap-default\">\n<div class=\"elementor-row\">\n<div class=\"elementor-column elementor-col-100 elementor-top-column elementor-element elementor-element-471b353\" data-id=\"471b353\" data-element_type=\"column\">\n<div class=\"elementor-column-wrap elementor-element-populated\">\n<div class=\"elementor-widget-wrap\">\n<div class=\"elementor-element elementor-element-e1a82fd elementor-widget elementor-widget-shortcode\" data-id=\"e1a82fd\" data-element_type=\"widget\" data-widget_type=\"shortcode.default\">\n<div class=\"elementor-widget-container\">\n<div class=\"elementor-shortcode\"><a id=\"rcb-sc-link-history\" class=\"rcb-sc-link rcb-sc-link-history\" href=\"https:\/\/www.phoenixfoundation.de\/?page_id=2084#consent-history\" data-success-message=\"\">Historie der Privatsph\u00e4re-Einstellungen<\/a><\/div>\n<\/div>\n<\/div>\n<\/div>\n<\/div>\n<\/div>\n<\/div>\n<\/div>\n<\/section>\n<section class=\"elementor-section elementor-top-section elementor-element elementor-element-6969e147 elementor-section-boxed elementor-section-height-default elementor-section-height-default\" data-id=\"6969e147\" data-element_type=\"section\">\n<div class=\"elementor-container elementor-column-gap-default\">\n<div class=\"elementor-row\">\n<div class=\"elementor-column elementor-col-100 elementor-top-column elementor-element elementor-element-3d15e0c5\" data-id=\"3d15e0c5\" data-element_type=\"column\">\n<div class=\"elementor-column-wrap elementor-element-populated\">\n<div class=\"elementor-widget-wrap\">\n<div class=\"elementor-element elementor-element-7b43decd elementor-widget elementor-widget-text-editor\" data-id=\"7b43decd\" data-element_type=\"widget\" data-widget_type=\"text-editor.default\">\n<div class=\"elementor-widget-container\">\n<div class=\"elementor-text-editor elementor-clearfix\">\n<div class=\"entry-content\"><b>Angaben gem\u00e4\u00df \u00a7 5 TMG: <\/b><b><br \/>\n<\/b><\/div>\n<h3>Kontakt<\/h3>\n<p><strong><em>Leitung<\/em><\/strong><br \/>\nPHOENIX FOUNDATION \u2013 LandesJugendJazzOrchester Rheinland-Pfalz. c\/o<br \/>\nFrank Reichert<br \/>\nAm Schellengraben 4<br \/>\n56348 D\u00f6rscheid<\/p>\n<div class=\"entry-content\">\n<p>Telefon: 06774 232 441<br \/>\nMobil: 0179 490 6653<br \/>\nE-Mail: mail@phoenixfoundation.de<\/p>\n<p><em><strong>Tr\u00e4ger und Office\/Rechnungsadresse:<\/strong><\/em><\/p>\n<p>Landesmusikrat Rheinland-Pfalz c\/o<br \/>\nPHOENIX FOUNDATION \u2013 LandesJugendJazzOrchester Rheinland-Pfalz<br \/>\nKaiserstra\u00dfe 26-30<br \/>\n55116 Mainz<\/p>\n<p>Es gelten die Datenschutzhinweise des <a href=\"http:\/\/lmr-rp.de\/index.php?id=45\">Landesmusikrates Rheinland-Pfalz<\/a><\/p>\n<p>Dar\u00fcber hinaus gilt folgendes:<\/p>\n<p><b>Verantwortlich f\u00fcr den Inhalt nach \u00a7 55 Abs. 2 RStV:<\/b><\/p>\n<p>Frank Reichert<\/p>\n<p><b>Streitschlichtung<\/b><\/p>\n<p>Wir sind nicht bereit oder verpflichtet, an Streitbeilegungsverfahren vor einer<br \/>\nVerbraucherschlichtungsstelle teilzunehmen.<\/p>\n<p><b>Haftung f\u00fcr Inhalte<\/b><\/p>\n<\/div>\n<div><\/div>\n<div class=\"entry-content\">Als Diensteanbieter sind wir gem\u00e4\u00df \u00a7 7 Abs.1 TMG f\u00fcr eigene Inhalte auf diesen Seiten nach den allgemeinen Gesetzen verantwortlich. Nach \u00a7\u00a7 8 bis 10 TMG sind wir als Diensteanbieter jedoch nicht verpflichtet, \u00fcbermittelte oder gespeicherte fremde Informationen zu \u00fcberwachen oder nach Umst\u00e4nden zu forschen, die auf eine rechtswidrige T\u00e4tigkeit hinweisen.Verpflichtungen zur Entfernung oder Sperrung der Nutzung von Informationen nach den allgemeinen Gesetzen bleiben hiervon unber\u00fchrt. Eine diesbez\u00fcgliche Haftung ist jedoch erst ab dem Zeitpunkt der Kenntnis einer konkreten Rechtsverletzung m\u00f6glich. Bei Bekanntwerden von entsprechenden Rechtsverletzungen werden wir diese Inhalte umgehend entfernen.<\/div>\n<div><\/div>\n<div class=\"entry-content\"><b>Haftung f\u00fcr Links<\/b><\/div>\n<div><\/div>\n<div class=\"entry-content\">Unser Angebot enth\u00e4lt Links zu externen Websites Dritter, auf deren Inhalte wir keinen Einfluss haben.Deshalb k\u00f6nnen wir f\u00fcr diese fremden Inhalte auch keine Gew\u00e4hr \u00fcbernehmen. F\u00fcr die Inhalte der verlinkten Seiten ist stets der jeweilige Anbieter oder Betreiber der Seiten verantwortlich. Die verlinkten Seiten wurden zum Zeitpunkt der Verlinkung auf m\u00f6gliche Rechtsverst\u00f6\u00dfe \u00fcberpr\u00fcft. Rechtswidrige Inhalte waren zum Zeitpunkt der Verlinkung nicht erkennbar.Eine permanente inhaltliche Kontrolle der verlinkten Seiten ist jedoch ohne konkrete Anhaltspunkte einer Rechtsverletzung nicht zumutbar. Bei Bekanntwerden von Rechtsverletzungen werden wir derartige Links umgehend entfernen.<\/div>\n<div><\/div>\n<div class=\"entry-content\"><b>Urheberrecht<\/b><\/div>\n<div><\/div>\n<div class=\"entry-content\">Die durch die Seitenbetreiber erstellten Inhalte und Werke auf diesen Seiten unterliegen dem deutschen Urheberrecht. Die Vervielf\u00e4ltigung, Bearbeitung, Verbreitung und jede Art der Verwertung au\u00dferhalb der Grenzen des Urheberrechtes bed\u00fcrfen der schriftlichen Zustimmung des jeweiligen Autors bzw. Erstellers. Downloads und Kopien dieser Seite sind nur f\u00fcr den privaten, nicht kommerziellen Gebrauch gestattet.Soweit die Inhalte auf dieser Seite nicht vom Betreiber erstellt wurden, werden die Urheberrechte Dritter beachtet. Insbesondere werden Inhalte Dritter als solche gekennzeichnet. Sollten Sie trotzdem auf eine Urheberrechtsverletzung aufmerksam werden, bitten wir um einen entsprechenden Hinweis.<br \/>\nBei Bekanntwerden von Rechtsverletzungen werden wir derartige Inhalte umgehend entfernen.<\/div>\n<div><\/div>\n<div>\n<p><strong>Externes Hosting<\/strong><\/p>\n<p>Diese Website wird bei einem externen Dienstleister gehostet (Hoster). Die personenbezogenen Daten, die auf dieser Website erfasst werden, werden auf den Servern des Hosters gespeichert. Hierbei kann es sich v. a. um IP-Adressen, Kontaktanfragen, Meta- und Kommunikationsdaten, Vertragsdaten, Kontaktdaten, Namen, Websitezugriffe und sonstige Daten, die \u00fcber eine Website generiert werden, handeln.<\/p>\n<\/div>\n<div>Der Einsatz des Hosters erfolgt zum Zwecke der Vertragserf\u00fcllung gegen\u00fcber unseren potenziellen und bestehenden Kunden (Art. 6 Abs. 1 lit. b DSGVO) und im Interesse einer sicheren, schnellen und effizienten Bereitstellung unseres Online-Angebots durch einen professionellen Anbieter (Art. 6 Abs. 1 lit. f DSGVO). Sofern eine entsprechende Einwilligung abgefragt wurde, erfolgt die Verarbeitung ausschlie\u00dflich auf Grundlage von Art. 6 Abs. 1 lit. a DSGVO und \u00a7 25 Abs. 1 TTDSG, soweit die Einwilligung die Speicherung von Cookies oder den Zugriff auf Informationen im Endger\u00e4t des Nutzers (z. B. Device-Fingerprinting) im Sinne des TTDSG umfasst. Die Einwilligung ist jederzeit widerrufbar.Unser Hoster wird Ihre Daten nur insoweit verarbeiten, wie dies zur Erf\u00fcllung seiner Leistungspflichten erforderlich ist und unsere Weisungen in Bezug auf diese Daten befolgen.<\/div>\n<div>\n<p>Wir setzen folgenden Hoster ein:<\/p>\n<p>dogado GmbH<br \/>\nAntonio-Segni-Stra\u00dfe 11<br \/>\n44263 Dortmund<br \/>\nTel.: +49 (231) 2866200<\/p>\n<p>Gesch\u00e4ftsf\u00fchrende: Daniel Hagemeier, Marcel Chorengel, Ralph Cammerrath, Claus Boyens<\/p>\n<p>E-Mail: info@dogado.de<br \/>\nWebseite: www.dogado.de<\/p>\n<\/div>\n<div><\/div>\n<div>Verwendung der Daten von Bandmitgliedern <a href=\"https:\/\/www.phoenixfoundation.de\/?page_id=2202\">hier<\/a><\/div>\n<\/div>\n<div><\/div>\n<\/div>\n<\/div>\n<\/div>\n<\/div>\n<\/div>\n<\/div>\n<\/div>\n<\/section>\n<\/div>\n<\/div>\n<\/div>\n","protected":false},"excerpt":{"rendered":"<p>Cookies Historie der Privatsph\u00e4re-Einstellungen Einwilligungen widerrufen Historie der Privatsph\u00e4re-Einstellungen Angaben gem\u00e4\u00df \u00a7 5 TMG: Kontakt Leitung PHOENIX FOUNDATION \u2013 LandesJugendJazzOrchester Rheinland-Pfalz. c\/o Frank Reichert Am Schellengraben 4 56348 D\u00f6rscheid Telefon: 06774 232 441 Mobil: 0179 490 6653 E-Mail: mail@phoenixfoundation.de Tr\u00e4ger und Office\/Rechnungsadresse: Landesmusikrat Rheinland-Pfalz c\/o PHOENIX FOUNDATION \u2013 LandesJugendJazzOrchester Rheinland-Pfalz Kaiserstra\u00dfe 26-30 55116 Mainz Es [&hellip;]<\/p>\n","protected":false},"author":2,"featured_media":0,"parent":0,"menu_order":6,"comment_status":"open","ping_status":"closed","template":"","meta":{"ocean_post_layout":"","ocean_both_sidebars_style":"","ocean_both_sidebars_content_width":0,"ocean_both_sidebars_sidebars_width":0,"ocean_sidebar":"0","ocean_second_sidebar":"0","ocean_disable_margins":"enable","ocean_add_body_class":"","ocean_shortcode_before_top_bar":"","ocean_shortcode_after_top_bar":"","ocean_shortcode_before_header":"","ocean_shortcode_after_header":"","ocean_has_shortcode":"","ocean_shortcode_after_title":"","ocean_shortcode_before_footer_widgets":"","ocean_shortcode_after_footer_widgets":"","ocean_shortcode_before_footer_bottom":"","ocean_shortcode_after_footer_bottom":"","ocean_display_top_bar":"default","ocean_display_header":"default","ocean_header_style":"","ocean_center_header_left_menu":"0","ocean_custom_header_template":"0","ocean_custom_logo":0,"ocean_custom_retina_logo":0,"ocean_custom_logo_max_width":0,"ocean_custom_logo_tablet_max_width":0,"ocean_custom_logo_mobile_max_width":0,"ocean_custom_logo_max_height":0,"ocean_custom_logo_tablet_max_height":0,"ocean_custom_logo_mobile_max_height":0,"ocean_header_custom_menu":"0","ocean_menu_typo_font_family":"0","ocean_menu_typo_font_subset":"","ocean_menu_typo_font_size":0,"ocean_menu_typo_font_size_tablet":0,"ocean_menu_typo_font_size_mobile":0,"ocean_menu_typo_font_size_unit":"px","ocean_menu_typo_font_weight":"","ocean_menu_typo_font_weight_tablet":"","ocean_menu_typo_font_weight_mobile":"","ocean_menu_typo_transform":"","ocean_menu_typo_transform_tablet":"","ocean_menu_typo_transform_mobile":"","ocean_menu_typo_line_height":0,"ocean_menu_typo_line_height_tablet":0,"ocean_menu_typo_line_height_mobile":0,"ocean_menu_typo_line_height_unit":"","ocean_menu_typo_spacing":0,"ocean_menu_typo_spacing_tablet":0,"ocean_menu_typo_spacing_mobile":0,"ocean_menu_typo_spacing_unit":"","ocean_menu_link_color":"","ocean_menu_link_color_hover":"","ocean_menu_link_color_active":"","ocean_menu_link_background":"","ocean_menu_link_hover_background":"","ocean_menu_link_active_background":"","ocean_menu_social_links_bg":"","ocean_menu_social_hover_links_bg":"","ocean_menu_social_links_color":"","ocean_menu_social_hover_links_color":"","ocean_disable_title":"default","ocean_disable_heading":"default","ocean_post_title":"","ocean_post_subheading":"","ocean_post_title_style":"","ocean_post_title_background_color":"","ocean_post_title_background":0,"ocean_post_title_bg_image_position":"","ocean_post_title_bg_image_attachment":"","ocean_post_title_bg_image_repeat":"","ocean_post_title_bg_image_size":"","ocean_post_title_height":0,"ocean_post_title_bg_overlay":0.5,"ocean_post_title_bg_overlay_color":"","ocean_disable_breadcrumbs":"default","ocean_breadcrumbs_color":"","ocean_breadcrumbs_separator_color":"","ocean_breadcrumbs_links_color":"","ocean_breadcrumbs_links_hover_color":"","ocean_display_footer_widgets":"default","ocean_display_footer_bottom":"default","ocean_custom_footer_template":"0","footnotes":""},"class_list":["post-4","page","type-page","status-publish","hentry","entry"],"_links":{"self":[{"href":"https:\/\/www.phoenixfoundation.de\/index.php?rest_route=\/wp\/v2\/pages\/4","targetHints":{"allow":["GET"]}}],"collection":[{"href":"https:\/\/www.phoenixfoundation.de\/index.php?rest_route=\/wp\/v2\/pages"}],"about":[{"href":"https:\/\/www.phoenixfoundation.de\/index.php?rest_route=\/wp\/v2\/types\/page"}],"author":[{"embeddable":true,"href":"https:\/\/www.phoenixfoundation.de\/index.php?rest_route=\/wp\/v2\/users\/2"}],"replies":[{"embeddable":true,"href":"https:\/\/www.phoenixfoundation.de\/index.php?rest_route=%2Fwp%2Fv2%2Fcomments&post=4"}],"version-history":[{"count":17,"href":"https:\/\/www.phoenixfoundation.de\/index.php?rest_route=\/wp\/v2\/pages\/4\/revisions"}],"predecessor-version":[{"id":3835,"href":"https:\/\/www.phoenixfoundation.de\/index.php?rest_route=\/wp\/v2\/pages\/4\/revisions\/3835"}],"wp:attachment":[{"href":"https:\/\/www.phoenixfoundation.de\/index.php?rest_route=%2Fwp%2Fv2%2Fmedia&parent=4"}],"curies":[{"name":"wp","href":"https:\/\/api.w.org\/{rel}","templated":true}]}}